{"id":999,"date":"2023-07-26T15:01:03","date_gmt":"2023-08-03T13:47:35","guid":{"rendered":"https:\/\/monard.pl\/produkt\/nalewka-brygardynia\/"},"modified":"2023-08-04T10:06:08","modified_gmt":"2023-08-04T08:06:08","slug":"nalewka-brygardynia","status":"publish","type":"product","link":"https:\/\/monard.pl\/en\/product\/nalewka-brygardynia\/","title":{"rendered":"Nalewka Brygardynia"},"content":{"rendered":"","protected":false},"excerpt":{"rendered":"<p>Inspiracj\u0105 by\u0142 tu brazylijski deser z dyni. Mamy go w wersji pijalnej. W pe\u0142ni oddaje Brazyli\u0119 i jej charakter.<\/p>\n","protected":false},"featured_media":794,"template":"","meta":{"inline_featured_image":false},"product_cat":[70],"product_tag":[],"class_list":["post-999","product","type-product","status-publish","has-post-thumbnail","hentry","product_cat-liqueurs","pa_kraj-poland","pa_moc-31-en","pa_pojemnosc-05l-en","pa_smak-korzenny-en","pa_smak-slodki-en"],"yoast_head":"<!-- This site is optimized with the Yoast SEO plugin v26.7 - https:\/\/yoast.com\/wordpress\/plugins\/seo\/ -->\n<title>Nalewka Brygardynia - Monard<\/title>\n<meta name=\"robots\" content=\"index, follow, max-snippet:-1, max-image-preview:large, max-video-preview:-1\" \/>\n<link rel=\"canonical\" href=\"https:\/\/monard.pl\/en\/product\/nalewka-brygardynia\/\" \/>\n<meta property=\"og:locale\" content=\"en_US\" \/>\n<meta property=\"og:type\" content=\"article\" \/>\n<meta property=\"og:title\" content=\"Nalewka Brygardynia - Monard\" \/>\n<meta property=\"og:description\" content=\"Inspiracj\u0105 by\u0142 tu brazylijski deser z dyni. Mamy go w wersji pijalnej. W pe\u0142ni oddaje Brazyli\u0119 i jej charakter.\" \/>\n<meta property=\"og:url\" content=\"https:\/\/monard.pl\/en\/product\/nalewka-brygardynia\/\" \/>\n<meta property=\"og:site_name\" content=\"Monard\" \/>\n<meta property=\"article:modified_time\" content=\"2023-08-04T08:06:08+00:00\" \/>\n<meta property=\"og:image\" content=\"https:\/\/monard.pl\/wp-content\/uploads\/2023\/07\/monard_nalewki_brygardynia_12b.jpg\" \/>\n\t<meta property=\"og:image:width\" content=\"1200\" \/>\n\t<meta property=\"og:image:height\" content=\"1200\" \/>\n\t<meta property=\"og:image:type\" content=\"image\/jpeg\" \/>\n<meta name=\"twitter:card\" content=\"summary_large_image\" \/>\n<script type=\"application\/ld+json\" class=\"yoast-schema-graph\">{\"@context\":\"https:\/\/schema.org\",\"@graph\":[{\"@type\":\"WebPage\",\"@id\":\"https:\/\/monard.pl\/en\/product\/nalewka-brygardynia\/\",\"url\":\"https:\/\/monard.pl\/en\/product\/nalewka-brygardynia\/\",\"name\":\"Nalewka Brygardynia - Monard\",\"isPartOf\":{\"@id\":\"https:\/\/monard.pl\/#website\"},\"primaryImageOfPage\":{\"@id\":\"https:\/\/monard.pl\/en\/product\/nalewka-brygardynia\/#primaryimage\"},\"image\":{\"@id\":\"https:\/\/monard.pl\/en\/product\/nalewka-brygardynia\/#primaryimage\"},\"thumbnailUrl\":\"https:\/\/monard.pl\/wp-content\/uploads\/2023\/07\/monard_nalewki_brygardynia_12b.jpg\",\"datePublished\":\"2023-08-03T13:47:35+00:00\",\"dateModified\":\"2023-08-04T08:06:08+00:00\",\"breadcrumb\":{\"@id\":\"https:\/\/monard.pl\/en\/product\/nalewka-brygardynia\/#breadcrumb\"},\"inLanguage\":\"en-US\",\"potentialAction\":[{\"@type\":\"ReadAction\",\"target\":[\"https:\/\/monard.pl\/en\/product\/nalewka-brygardynia\/\"]}]},{\"@type\":\"ImageObject\",\"inLanguage\":\"en-US\",\"@id\":\"https:\/\/monard.pl\/en\/product\/nalewka-brygardynia\/#primaryimage\",\"url\":\"https:\/\/monard.pl\/wp-content\/uploads\/2023\/07\/monard_nalewki_brygardynia_12b.jpg\",\"contentUrl\":\"https:\/\/monard.pl\/wp-content\/uploads\/2023\/07\/monard_nalewki_brygardynia_12b.jpg\",\"width\":1200,\"height\":1200},{\"@type\":\"BreadcrumbList\",\"@id\":\"https:\/\/monard.pl\/en\/product\/nalewka-brygardynia\/#breadcrumb\",\"itemListElement\":[{\"@type\":\"ListItem\",\"position\":1,\"name\":\"Strona g\u0142\u00f3wna\",\"item\":\"https:\/\/monard.pl\/en\/\"},{\"@type\":\"ListItem\",\"position\":2,\"name\":\"Shop\",\"item\":\"https:\/\/monard.pl\/en\/shop\/\"},{\"@type\":\"ListItem\",\"position\":3,\"name\":\"Nalewka Brygardynia\"}]},{\"@type\":\"WebSite\",\"@id\":\"https:\/\/monard.pl\/#website\",\"url\":\"https:\/\/monard.pl\/\",\"name\":\"Monard\",\"description\":\"Nalewki Domowe\",\"potentialAction\":[{\"@type\":\"SearchAction\",\"target\":{\"@type\":\"EntryPoint\",\"urlTemplate\":\"https:\/\/monard.pl\/?s={search_term_string}\"},\"query-input\":{\"@type\":\"PropertyValueSpecification\",\"valueRequired\":true,\"valueName\":\"search_term_string\"}}],\"inLanguage\":\"en-US\"}]}<\/script>\n<!-- \/ Yoast SEO plugin. -->","yoast_head_json":{"title":"Nalewka Brygardynia - Monard","robots":{"index":"index","follow":"follow","max-snippet":"max-snippet:-1","max-image-preview":"max-image-preview:large","max-video-preview":"max-video-preview:-1"},"canonical":"https:\/\/monard.pl\/en\/product\/nalewka-brygardynia\/","og_locale":"en_US","og_type":"article","og_title":"Nalewka Brygardynia - Monard","og_description":"Inspiracj\u0105 by\u0142 tu brazylijski deser z dyni. Mamy go w wersji pijalnej. W pe\u0142ni oddaje Brazyli\u0119 i jej charakter.","og_url":"https:\/\/monard.pl\/en\/product\/nalewka-brygardynia\/","og_site_name":"Monard","article_modified_time":"2023-08-04T08:06:08+00:00","og_image":[{"width":1200,"height":1200,"url":"https:\/\/monard.pl\/wp-content\/uploads\/2023\/07\/monard_nalewki_brygardynia_12b.jpg","type":"image\/jpeg"}],"twitter_card":"summary_large_image","schema":{"@context":"https:\/\/schema.org","@graph":[{"@type":"WebPage","@id":"https:\/\/monard.pl\/en\/product\/nalewka-brygardynia\/","url":"https:\/\/monard.pl\/en\/product\/nalewka-brygardynia\/","name":"Nalewka Brygardynia - Monard","isPartOf":{"@id":"https:\/\/monard.pl\/#website"},"primaryImageOfPage":{"@id":"https:\/\/monard.pl\/en\/product\/nalewka-brygardynia\/#primaryimage"},"image":{"@id":"https:\/\/monard.pl\/en\/product\/nalewka-brygardynia\/#primaryimage"},"thumbnailUrl":"https:\/\/monard.pl\/wp-content\/uploads\/2023\/07\/monard_nalewki_brygardynia_12b.jpg","datePublished":"2023-08-03T13:47:35+00:00","dateModified":"2023-08-04T08:06:08+00:00","breadcrumb":{"@id":"https:\/\/monard.pl\/en\/product\/nalewka-brygardynia\/#breadcrumb"},"inLanguage":"en-US","potentialAction":[{"@type":"ReadAction","target":["https:\/\/monard.pl\/en\/product\/nalewka-brygardynia\/"]}]},{"@type":"ImageObject","inLanguage":"en-US","@id":"https:\/\/monard.pl\/en\/product\/nalewka-brygardynia\/#primaryimage","url":"https:\/\/monard.pl\/wp-content\/uploads\/2023\/07\/monard_nalewki_brygardynia_12b.jpg","contentUrl":"https:\/\/monard.pl\/wp-content\/uploads\/2023\/07\/monard_nalewki_brygardynia_12b.jpg","width":1200,"height":1200},{"@type":"BreadcrumbList","@id":"https:\/\/monard.pl\/en\/product\/nalewka-brygardynia\/#breadcrumb","itemListElement":[{"@type":"ListItem","position":1,"name":"Strona g\u0142\u00f3wna","item":"https:\/\/monard.pl\/en\/"},{"@type":"ListItem","position":2,"name":"Shop","item":"https:\/\/monard.pl\/en\/shop\/"},{"@type":"ListItem","position":3,"name":"Nalewka Brygardynia"}]},{"@type":"WebSite","@id":"https:\/\/monard.pl\/#website","url":"https:\/\/monard.pl\/","name":"Monard","description":"Nalewki Domowe","potentialAction":[{"@type":"SearchAction","target":{"@type":"EntryPoint","urlTemplate":"https:\/\/monard.pl\/?s={search_term_string}"},"query-input":{"@type":"PropertyValueSpecification","valueRequired":true,"valueName":"search_term_string"}}],"inLanguage":"en-US"}]}},"_links":{"self":[{"href":"https:\/\/monard.pl\/en\/wp-json\/wp\/v2\/product\/999","targetHints":{"allow":["GET"]}}],"collection":[{"href":"https:\/\/monard.pl\/en\/wp-json\/wp\/v2\/product"}],"about":[{"href":"https:\/\/monard.pl\/en\/wp-json\/wp\/v2\/types\/product"}],"wp:featuredmedia":[{"embeddable":true,"href":"https:\/\/monard.pl\/en\/wp-json\/wp\/v2\/media\/794"}],"wp:attachment":[{"href":"https:\/\/monard.pl\/en\/wp-json\/wp\/v2\/media?parent=999"}],"wp:term":[{"taxonomy":"product_cat","embeddable":true,"href":"https:\/\/monard.pl\/en\/wp-json\/wp\/v2\/product_cat?post=999"},{"taxonomy":"product_tag","embeddable":true,"href":"https:\/\/monard.pl\/en\/wp-json\/wp\/v2\/product_tag?post=999"}],"curies":[{"name":"wp","href":"https:\/\/api.w.org\/{rel}","templated":true}]}}