{"id":989,"date":"2023-08-02T12:04:43","date_gmt":"2023-08-03T13:20:09","guid":{"rendered":"https:\/\/monard.pl\/produkt\/nalewka-cytrosnia\/"},"modified":"2023-08-03T15:20:09","modified_gmt":"2023-08-03T13:20:09","slug":"nalewka-cytrosnia","status":"publish","type":"product","link":"https:\/\/monard.pl\/en\/product\/nalewka-cytrosnia\/","title":{"rendered":"Nalewka Cytro\u015bnia"},"content":{"rendered":"","protected":false},"excerpt":{"rendered":"<p>Rze\u015bka kompozycja wi\u015bni, cytrus\u00f3w i przypraw. Niedawno skomponowana, a ju\u017c zdoby\u0142a szerokie grono wielbicieli. Bardzo uniwersalna. \u015awietnie nadaje si\u0119 na orze\u017awiaj\u0105ce drinki w gor\u0105ce dni. W ch\u0142odniejsze jako dodatek do gor\u0105cej herbaty. Delektuj\u0105c si\u0119 Cytro\u015bni\u0105 solo mo\u017cemy odkrywa\u0107 g\u0142\u0119bi\u0119 smak\u00f3w i aromat\u00f3w tego ciekawego trunku.<\/p>\n","protected":false},"featured_media":959,"template":"","meta":{"inline_featured_image":false},"product_cat":[70],"product_tag":[],"class_list":["post-989","product","type-product","status-publish","has-post-thumbnail","hentry","product_cat-liqueurs","pa_kraj-poland","pa_moc-24-en","pa_pojemnosc-05l-en","pa_smak-cytrusowy-en","pa_smak-korzenny-en","pa_smak-owocowy-en"],"yoast_head":"<!-- This site is optimized with the Yoast SEO plugin v26.7 - https:\/\/yoast.com\/wordpress\/plugins\/seo\/ -->\n<title>Nalewka Cytro\u015bnia - Monard<\/title>\n<meta name=\"robots\" content=\"index, follow, max-snippet:-1, max-image-preview:large, max-video-preview:-1\" \/>\n<link rel=\"canonical\" href=\"https:\/\/monard.pl\/product\/nalewka-cytrosnia\/\" \/>\n<meta property=\"og:locale\" content=\"en_US\" \/>\n<meta property=\"og:type\" content=\"article\" \/>\n<meta property=\"og:title\" content=\"Nalewka Cytro\u015bnia - Monard\" \/>\n<meta property=\"og:description\" content=\"Rze\u015bka kompozycja wi\u015bni, cytrus\u00f3w i przypraw. Niedawno skomponowana, a ju\u017c zdoby\u0142a szerokie grono wielbicieli. Bardzo uniwersalna. \u015awietnie nadaje si\u0119 na orze\u017awiaj\u0105ce drinki w gor\u0105ce dni. W ch\u0142odniejsze jako dodatek do gor\u0105cej herbaty. Delektuj\u0105c si\u0119 Cytro\u015bni\u0105 solo mo\u017cemy odkrywa\u0107 g\u0142\u0119bi\u0119 smak\u00f3w i aromat\u00f3w tego ciekawego trunku.\" \/>\n<meta property=\"og:url\" content=\"https:\/\/monard.pl\/product\/nalewka-cytrosnia\/\" \/>\n<meta property=\"og:site_name\" content=\"Monard\" \/>\n<meta property=\"og:image\" content=\"https:\/\/monard.pl\/wp-content\/uploads\/2023\/08\/monard_nalewki_cytrosnia_12a.jpg\" \/>\n\t<meta property=\"og:image:width\" content=\"1200\" \/>\n\t<meta property=\"og:image:height\" content=\"1200\" \/>\n\t<meta property=\"og:image:type\" content=\"image\/jpeg\" \/>\n<meta name=\"twitter:card\" content=\"summary_large_image\" \/>\n<script type=\"application\/ld+json\" class=\"yoast-schema-graph\">{\"@context\":\"https:\/\/schema.org\",\"@graph\":[{\"@type\":\"WebPage\",\"@id\":\"https:\/\/monard.pl\/product\/nalewka-cytrosnia\/\",\"url\":\"https:\/\/monard.pl\/product\/nalewka-cytrosnia\/\",\"name\":\"Nalewka Cytro\u015bnia - Monard\",\"isPartOf\":{\"@id\":\"https:\/\/monard.pl\/#website\"},\"primaryImageOfPage\":{\"@id\":\"https:\/\/monard.pl\/product\/nalewka-cytrosnia\/#primaryimage\"},\"image\":{\"@id\":\"https:\/\/monard.pl\/product\/nalewka-cytrosnia\/#primaryimage\"},\"thumbnailUrl\":\"https:\/\/monard.pl\/wp-content\/uploads\/2023\/08\/monard_nalewki_cytrosnia_12a.jpg\",\"datePublished\":\"2023-08-03T13:20:09+00:00\",\"breadcrumb\":{\"@id\":\"https:\/\/monard.pl\/product\/nalewka-cytrosnia\/#breadcrumb\"},\"inLanguage\":\"en-US\",\"potentialAction\":[{\"@type\":\"ReadAction\",\"target\":[\"https:\/\/monard.pl\/product\/nalewka-cytrosnia\/\"]}]},{\"@type\":\"ImageObject\",\"inLanguage\":\"en-US\",\"@id\":\"https:\/\/monard.pl\/product\/nalewka-cytrosnia\/#primaryimage\",\"url\":\"https:\/\/monard.pl\/wp-content\/uploads\/2023\/08\/monard_nalewki_cytrosnia_12a.jpg\",\"contentUrl\":\"https:\/\/monard.pl\/wp-content\/uploads\/2023\/08\/monard_nalewki_cytrosnia_12a.jpg\",\"width\":1200,\"height\":1200},{\"@type\":\"BreadcrumbList\",\"@id\":\"https:\/\/monard.pl\/product\/nalewka-cytrosnia\/#breadcrumb\",\"itemListElement\":[{\"@type\":\"ListItem\",\"position\":1,\"name\":\"Strona g\u0142\u00f3wna\",\"item\":\"https:\/\/monard.pl\/en\/\"},{\"@type\":\"ListItem\",\"position\":2,\"name\":\"Shop\",\"item\":\"https:\/\/monard.pl\/en\/shop\/\"},{\"@type\":\"ListItem\",\"position\":3,\"name\":\"Nalewka Cytro\u015bnia\"}]},{\"@type\":\"WebSite\",\"@id\":\"https:\/\/monard.pl\/#website\",\"url\":\"https:\/\/monard.pl\/\",\"name\":\"Monard\",\"description\":\"Nalewki Domowe\",\"potentialAction\":[{\"@type\":\"SearchAction\",\"target\":{\"@type\":\"EntryPoint\",\"urlTemplate\":\"https:\/\/monard.pl\/?s={search_term_string}\"},\"query-input\":{\"@type\":\"PropertyValueSpecification\",\"valueRequired\":true,\"valueName\":\"search_term_string\"}}],\"inLanguage\":\"en-US\"}]}<\/script>\n<!-- \/ Yoast SEO plugin. -->","yoast_head_json":{"title":"Nalewka Cytro\u015bnia - Monard","robots":{"index":"index","follow":"follow","max-snippet":"max-snippet:-1","max-image-preview":"max-image-preview:large","max-video-preview":"max-video-preview:-1"},"canonical":"https:\/\/monard.pl\/product\/nalewka-cytrosnia\/","og_locale":"en_US","og_type":"article","og_title":"Nalewka Cytro\u015bnia - Monard","og_description":"Rze\u015bka kompozycja wi\u015bni, cytrus\u00f3w i przypraw. Niedawno skomponowana, a ju\u017c zdoby\u0142a szerokie grono wielbicieli. Bardzo uniwersalna. \u015awietnie nadaje si\u0119 na orze\u017awiaj\u0105ce drinki w gor\u0105ce dni. W ch\u0142odniejsze jako dodatek do gor\u0105cej herbaty. Delektuj\u0105c si\u0119 Cytro\u015bni\u0105 solo mo\u017cemy odkrywa\u0107 g\u0142\u0119bi\u0119 smak\u00f3w i aromat\u00f3w tego ciekawego trunku.","og_url":"https:\/\/monard.pl\/product\/nalewka-cytrosnia\/","og_site_name":"Monard","og_image":[{"width":1200,"height":1200,"url":"https:\/\/monard.pl\/wp-content\/uploads\/2023\/08\/monard_nalewki_cytrosnia_12a.jpg","type":"image\/jpeg"}],"twitter_card":"summary_large_image","schema":{"@context":"https:\/\/schema.org","@graph":[{"@type":"WebPage","@id":"https:\/\/monard.pl\/product\/nalewka-cytrosnia\/","url":"https:\/\/monard.pl\/product\/nalewka-cytrosnia\/","name":"Nalewka Cytro\u015bnia - Monard","isPartOf":{"@id":"https:\/\/monard.pl\/#website"},"primaryImageOfPage":{"@id":"https:\/\/monard.pl\/product\/nalewka-cytrosnia\/#primaryimage"},"image":{"@id":"https:\/\/monard.pl\/product\/nalewka-cytrosnia\/#primaryimage"},"thumbnailUrl":"https:\/\/monard.pl\/wp-content\/uploads\/2023\/08\/monard_nalewki_cytrosnia_12a.jpg","datePublished":"2023-08-03T13:20:09+00:00","breadcrumb":{"@id":"https:\/\/monard.pl\/product\/nalewka-cytrosnia\/#breadcrumb"},"inLanguage":"en-US","potentialAction":[{"@type":"ReadAction","target":["https:\/\/monard.pl\/product\/nalewka-cytrosnia\/"]}]},{"@type":"ImageObject","inLanguage":"en-US","@id":"https:\/\/monard.pl\/product\/nalewka-cytrosnia\/#primaryimage","url":"https:\/\/monard.pl\/wp-content\/uploads\/2023\/08\/monard_nalewki_cytrosnia_12a.jpg","contentUrl":"https:\/\/monard.pl\/wp-content\/uploads\/2023\/08\/monard_nalewki_cytrosnia_12a.jpg","width":1200,"height":1200},{"@type":"BreadcrumbList","@id":"https:\/\/monard.pl\/product\/nalewka-cytrosnia\/#breadcrumb","itemListElement":[{"@type":"ListItem","position":1,"name":"Strona g\u0142\u00f3wna","item":"https:\/\/monard.pl\/en\/"},{"@type":"ListItem","position":2,"name":"Shop","item":"https:\/\/monard.pl\/en\/shop\/"},{"@type":"ListItem","position":3,"name":"Nalewka Cytro\u015bnia"}]},{"@type":"WebSite","@id":"https:\/\/monard.pl\/#website","url":"https:\/\/monard.pl\/","name":"Monard","description":"Nalewki Domowe","potentialAction":[{"@type":"SearchAction","target":{"@type":"EntryPoint","urlTemplate":"https:\/\/monard.pl\/?s={search_term_string}"},"query-input":{"@type":"PropertyValueSpecification","valueRequired":true,"valueName":"search_term_string"}}],"inLanguage":"en-US"}]}},"_links":{"self":[{"href":"https:\/\/monard.pl\/en\/wp-json\/wp\/v2\/product\/989","targetHints":{"allow":["GET"]}}],"collection":[{"href":"https:\/\/monard.pl\/en\/wp-json\/wp\/v2\/product"}],"about":[{"href":"https:\/\/monard.pl\/en\/wp-json\/wp\/v2\/types\/product"}],"wp:featuredmedia":[{"embeddable":true,"href":"https:\/\/monard.pl\/en\/wp-json\/wp\/v2\/media\/959"}],"wp:attachment":[{"href":"https:\/\/monard.pl\/en\/wp-json\/wp\/v2\/media?parent=989"}],"wp:term":[{"taxonomy":"product_cat","embeddable":true,"href":"https:\/\/monard.pl\/en\/wp-json\/wp\/v2\/product_cat?post=989"},{"taxonomy":"product_tag","embeddable":true,"href":"https:\/\/monard.pl\/en\/wp-json\/wp\/v2\/product_tag?post=989"}],"curies":[{"name":"wp","href":"https:\/\/api.w.org\/{rel}","templated":true}]}}