{"id":845,"date":"2023-07-26T16:11:46","date_gmt":"2023-07-26T14:11:46","guid":{"rendered":"https:\/\/monard.pl\/?post_type=product&#038;p=845"},"modified":"2025-12-13T23:14:49","modified_gmt":"2025-12-13T22:14:49","slug":"nalewka-korzenna","status":"publish","type":"product","link":"https:\/\/monard.pl\/en\/product\/nalewka-korzenna\/","title":{"rendered":"Nalewka Korzenna"},"content":{"rendered":"","protected":false},"excerpt":{"rendered":"<p>Kompozycja przypraw korzennych. Wyrazista i charakterystyczna. Niesamowity aromat, wyrafinowany smak. Dobry barman b\u0119dzie w stanie &#8220;wyczarowa\u0107&#8221; mn\u00f3stwo arcyciekawych drink\u00f3w przy jej pomocy. \u015awietna jako dodatek do ciemnych piw. Zw\u0142aszcza grzanych. Jako aperitif\/digestif.<\/p>\n","protected":false},"featured_media":846,"template":"","meta":{"inline_featured_image":false},"product_cat":[47],"product_tag":[],"class_list":["post-845","product","type-product","status-publish","has-post-thumbnail","hentry","product_cat-nalewki","pa_kraj-polska","pa_moc-84","pa_pojemnosc-05l","pa_smak-wytrawny","pa_smak-ziolowy"],"yoast_head":"<!-- This site is optimized with the Yoast SEO plugin v26.7 - https:\/\/yoast.com\/wordpress\/plugins\/seo\/ -->\n<title>Nalewka Korzenna - Monard<\/title>\n<meta name=\"robots\" content=\"index, follow, max-snippet:-1, max-image-preview:large, max-video-preview:-1\" \/>\n<link rel=\"canonical\" href=\"https:\/\/monard.pl\/en\/produkt\/nalewka-korzenna\/\" \/>\n<meta property=\"og:locale\" content=\"en_US\" \/>\n<meta property=\"og:type\" content=\"article\" \/>\n<meta property=\"og:title\" content=\"Nalewka Korzenna - Monard\" \/>\n<meta property=\"og:description\" content=\"Kompozycja przypraw korzennych. Wyrazista i charakterystyczna. Niesamowity aromat, wyrafinowany smak. Dobry barman b\u0119dzie w stanie &quot;wyczarowa\u0107&quot; mn\u00f3stwo arcyciekawych drink\u00f3w przy jej pomocy. \u015awietna jako dodatek do ciemnych piw. Zw\u0142aszcza grzanych. Jako aperitif\/digestif.\" \/>\n<meta property=\"og:url\" content=\"https:\/\/monard.pl\/en\/produkt\/nalewka-korzenna\/\" \/>\n<meta property=\"og:site_name\" content=\"Monard\" \/>\n<meta property=\"article:modified_time\" content=\"2025-12-13T22:14:49+00:00\" \/>\n<meta property=\"og:image\" content=\"https:\/\/monard.pl\/wp-content\/uploads\/2023\/07\/monard_nalewki_korzenna_12b.jpg\" \/>\n\t<meta property=\"og:image:width\" content=\"1200\" \/>\n\t<meta property=\"og:image:height\" content=\"1200\" \/>\n\t<meta property=\"og:image:type\" content=\"image\/jpeg\" \/>\n<meta name=\"twitter:card\" content=\"summary_large_image\" \/>\n<script type=\"application\/ld+json\" class=\"yoast-schema-graph\">{\"@context\":\"https:\/\/schema.org\",\"@graph\":[{\"@type\":\"WebPage\",\"@id\":\"https:\/\/monard.pl\/en\/produkt\/nalewka-korzenna\/\",\"url\":\"https:\/\/monard.pl\/en\/produkt\/nalewka-korzenna\/\",\"name\":\"Nalewka Korzenna - Monard\",\"isPartOf\":{\"@id\":\"https:\/\/monard.pl\/#website\"},\"primaryImageOfPage\":{\"@id\":\"https:\/\/monard.pl\/en\/produkt\/nalewka-korzenna\/#primaryimage\"},\"image\":{\"@id\":\"https:\/\/monard.pl\/en\/produkt\/nalewka-korzenna\/#primaryimage\"},\"thumbnailUrl\":\"https:\/\/monard.pl\/wp-content\/uploads\/2023\/07\/monard_nalewki_korzenna_12b.jpg\",\"datePublished\":\"2023-07-26T14:11:46+00:00\",\"dateModified\":\"2025-12-13T22:14:49+00:00\",\"breadcrumb\":{\"@id\":\"https:\/\/monard.pl\/en\/produkt\/nalewka-korzenna\/#breadcrumb\"},\"inLanguage\":\"en-US\",\"potentialAction\":[{\"@type\":\"ReadAction\",\"target\":[\"https:\/\/monard.pl\/en\/produkt\/nalewka-korzenna\/\"]}]},{\"@type\":\"ImageObject\",\"inLanguage\":\"en-US\",\"@id\":\"https:\/\/monard.pl\/en\/produkt\/nalewka-korzenna\/#primaryimage\",\"url\":\"https:\/\/monard.pl\/wp-content\/uploads\/2023\/07\/monard_nalewki_korzenna_12b.jpg\",\"contentUrl\":\"https:\/\/monard.pl\/wp-content\/uploads\/2023\/07\/monard_nalewki_korzenna_12b.jpg\",\"width\":1200,\"height\":1200},{\"@type\":\"BreadcrumbList\",\"@id\":\"https:\/\/monard.pl\/en\/produkt\/nalewka-korzenna\/#breadcrumb\",\"itemListElement\":[{\"@type\":\"ListItem\",\"position\":1,\"name\":\"Strona g\u0142\u00f3wna\",\"item\":\"https:\/\/monard.pl\/en\/\"},{\"@type\":\"ListItem\",\"position\":2,\"name\":\"Shop\",\"item\":\"https:\/\/monard.pl\/en\/shop\/\"},{\"@type\":\"ListItem\",\"position\":3,\"name\":\"Nalewka Korzenna\"}]},{\"@type\":\"WebSite\",\"@id\":\"https:\/\/monard.pl\/#website\",\"url\":\"https:\/\/monard.pl\/\",\"name\":\"Monard\",\"description\":\"Nalewki Domowe\",\"potentialAction\":[{\"@type\":\"SearchAction\",\"target\":{\"@type\":\"EntryPoint\",\"urlTemplate\":\"https:\/\/monard.pl\/?s={search_term_string}\"},\"query-input\":{\"@type\":\"PropertyValueSpecification\",\"valueRequired\":true,\"valueName\":\"search_term_string\"}}],\"inLanguage\":\"en-US\"}]}<\/script>\n<!-- \/ Yoast SEO plugin. -->","yoast_head_json":{"title":"Nalewka Korzenna - Monard","robots":{"index":"index","follow":"follow","max-snippet":"max-snippet:-1","max-image-preview":"max-image-preview:large","max-video-preview":"max-video-preview:-1"},"canonical":"https:\/\/monard.pl\/en\/produkt\/nalewka-korzenna\/","og_locale":"en_US","og_type":"article","og_title":"Nalewka Korzenna - Monard","og_description":"Kompozycja przypraw korzennych. Wyrazista i charakterystyczna. Niesamowity aromat, wyrafinowany smak. Dobry barman b\u0119dzie w stanie \"wyczarowa\u0107\" mn\u00f3stwo arcyciekawych drink\u00f3w przy jej pomocy. \u015awietna jako dodatek do ciemnych piw. Zw\u0142aszcza grzanych. Jako aperitif\/digestif.","og_url":"https:\/\/monard.pl\/en\/produkt\/nalewka-korzenna\/","og_site_name":"Monard","article_modified_time":"2025-12-13T22:14:49+00:00","og_image":[{"width":1200,"height":1200,"url":"https:\/\/monard.pl\/wp-content\/uploads\/2023\/07\/monard_nalewki_korzenna_12b.jpg","type":"image\/jpeg"}],"twitter_card":"summary_large_image","schema":{"@context":"https:\/\/schema.org","@graph":[{"@type":"WebPage","@id":"https:\/\/monard.pl\/en\/produkt\/nalewka-korzenna\/","url":"https:\/\/monard.pl\/en\/produkt\/nalewka-korzenna\/","name":"Nalewka Korzenna - Monard","isPartOf":{"@id":"https:\/\/monard.pl\/#website"},"primaryImageOfPage":{"@id":"https:\/\/monard.pl\/en\/produkt\/nalewka-korzenna\/#primaryimage"},"image":{"@id":"https:\/\/monard.pl\/en\/produkt\/nalewka-korzenna\/#primaryimage"},"thumbnailUrl":"https:\/\/monard.pl\/wp-content\/uploads\/2023\/07\/monard_nalewki_korzenna_12b.jpg","datePublished":"2023-07-26T14:11:46+00:00","dateModified":"2025-12-13T22:14:49+00:00","breadcrumb":{"@id":"https:\/\/monard.pl\/en\/produkt\/nalewka-korzenna\/#breadcrumb"},"inLanguage":"en-US","potentialAction":[{"@type":"ReadAction","target":["https:\/\/monard.pl\/en\/produkt\/nalewka-korzenna\/"]}]},{"@type":"ImageObject","inLanguage":"en-US","@id":"https:\/\/monard.pl\/en\/produkt\/nalewka-korzenna\/#primaryimage","url":"https:\/\/monard.pl\/wp-content\/uploads\/2023\/07\/monard_nalewki_korzenna_12b.jpg","contentUrl":"https:\/\/monard.pl\/wp-content\/uploads\/2023\/07\/monard_nalewki_korzenna_12b.jpg","width":1200,"height":1200},{"@type":"BreadcrumbList","@id":"https:\/\/monard.pl\/en\/produkt\/nalewka-korzenna\/#breadcrumb","itemListElement":[{"@type":"ListItem","position":1,"name":"Strona g\u0142\u00f3wna","item":"https:\/\/monard.pl\/en\/"},{"@type":"ListItem","position":2,"name":"Shop","item":"https:\/\/monard.pl\/en\/shop\/"},{"@type":"ListItem","position":3,"name":"Nalewka Korzenna"}]},{"@type":"WebSite","@id":"https:\/\/monard.pl\/#website","url":"https:\/\/monard.pl\/","name":"Monard","description":"Nalewki Domowe","potentialAction":[{"@type":"SearchAction","target":{"@type":"EntryPoint","urlTemplate":"https:\/\/monard.pl\/?s={search_term_string}"},"query-input":{"@type":"PropertyValueSpecification","valueRequired":true,"valueName":"search_term_string"}}],"inLanguage":"en-US"}]}},"_links":{"self":[{"href":"https:\/\/monard.pl\/en\/wp-json\/wp\/v2\/product\/845","targetHints":{"allow":["GET"]}}],"collection":[{"href":"https:\/\/monard.pl\/en\/wp-json\/wp\/v2\/product"}],"about":[{"href":"https:\/\/monard.pl\/en\/wp-json\/wp\/v2\/types\/product"}],"wp:featuredmedia":[{"embeddable":true,"href":"https:\/\/monard.pl\/en\/wp-json\/wp\/v2\/media\/846"}],"wp:attachment":[{"href":"https:\/\/monard.pl\/en\/wp-json\/wp\/v2\/media?parent=845"}],"wp:term":[{"taxonomy":"product_cat","embeddable":true,"href":"https:\/\/monard.pl\/en\/wp-json\/wp\/v2\/product_cat?post=845"},{"taxonomy":"product_tag","embeddable":true,"href":"https:\/\/monard.pl\/en\/wp-json\/wp\/v2\/product_tag?post=845"}],"curies":[{"name":"wp","href":"https:\/\/api.w.org\/{rel}","templated":true}]}}